{"id":17103,"date":"2024-02-28T10:01:09","date_gmt":"2024-02-28T09:01:09","guid":{"rendered":"https:\/\/ieduex.com\/politica-de-privacidad\/"},"modified":"2025-03-14T13:56:37","modified_gmt":"2025-03-14T12:56:37","slug":"datenschutzerklarung","status":"publish","type":"page","link":"https:\/\/ieduex.com\/de\/datenschutzerklarung\/","title":{"rendered":"Impressum &#038; Datenschutzerkl\u00e4rung"},"content":{"rendered":"\t\t<div data-elementor-type=\"wp-page\" data-elementor-id=\"17103\" class=\"elementor elementor-17103 elementor-14559\" data-elementor-post-type=\"page\">\n\t\t\t\t\t\t<section class=\"elementor-section elementor-top-section elementor-element elementor-element-4e6fc468 elementor-section-boxed elementor-section-height-default elementor-section-height-default\" data-id=\"4e6fc468\" data-element_type=\"section\" data-e-type=\"section\">\n\t\t\t\t\t\t<div class=\"elementor-container elementor-column-gap-default\">\n\t\t\t\t\t<div class=\"elementor-column elementor-col-100 elementor-top-column elementor-element elementor-element-2b3a9ac6\" data-id=\"2b3a9ac6\" data-element_type=\"column\" data-e-type=\"column\">\n\t\t\t<div class=\"elementor-widget-wrap elementor-element-populated\">\n\t\t\t\t\t\t<div class=\"elementor-element elementor-element-1eb21dc8 elementor-widget elementor-widget-text-editor\" data-id=\"1eb21dc8\" data-element_type=\"widget\" data-e-type=\"widget\" data-widget_type=\"text-editor.default\">\n\t\t\t\t<div class=\"elementor-widget-container\">\n\t\t\t\t\t\t\t\t\t<p><\/p>\n<div style=\"height: 50px;\" aria-hidden=\"true\">\u00a0<\/div>\n<p><\/p>\n<p><\/p>\n<h1>Datenschutzerkl\u00e4rung<\/h1>\n<p><\/p>\n<p><\/p>\n<p>Anbieter und verantwortliche Stelle im Sinne des Datenschutzgesetzes<br \/>iEduex | International Education Exchange<br \/>Kurf\u00fcrstendamm 194<br \/>Berlin, Berlin 10707<br \/>Fon: +49 015 226 661 038<\/p>\n<p>www.ieduex.com\/de<\/p>\n<p><strong>Geltungsbereich<\/strong><\/p>\n<p>Nutzer erhalten mit dieser Datenschutzerkl\u00e4rung Information \u00fcber die Art, den Umfang und Zweck der Erhebung und Verwendung ihrer Daten durch den verantwortlichen Anbieter erhoben und verwendet werden. Den rechtlichen Rahmen f\u00fcr den Datenschutz bildet die Datenschutz-Grundverordnung der EU (DSGVO) sowie das Bundesdatenschutzgesetz und das Telemediengesetz (TMG).<\/p>\n<p><strong>Erfassung allgemeiner Informationen<\/strong><\/p>\n<p>Mit jedem Zugriff auf unsere Webseite werden durch uns bzw. den Webspace-Provider automatisch Informationen erfasst. Diese Informationen, auch als Server-Logfiles bezeichnet, sind allgemeiner Natur und erlauben keine R\u00fcckschl\u00fcsse auf Ihre Person.<\/p>\n<p>Erfasst werden unter anderem: Name der Webseite, Datei, Datum, Datenmenge, Webbrowser und Webbrowser-Version, Betriebssystem, der Domainname Ihres Internet-Providers, die sogenannte Referrer-URL (jene Seite, von der aus Sie auf unser Angebot zugegriffen haben) und die IP-Adresse.<\/p>\n<p>Ohne diese Daten w\u00e4re es technisch teils nicht m\u00f6glich, die Inhalte der Webseite auszuliefern und darzustellen. Insofern ist die Erfassung der Daten zwingend notwendig. Dar\u00fcber hinaus verwenden wir die anonymen Informationen f\u00fcr statistische Zwecke. Sie helfen uns bei der Optimierung des Angebots und der Technik. Wir behalten uns zudem das Recht vor, die Log-Files bei Verdacht auf eine rechtswidrige Nutzung unseres Angebotes nachtr\u00e4glich zu kontrollieren.<\/p>\n<p><strong>Umgang mit personenbezogenen Daten<\/strong><\/p>\n<p>Definition: Als personenbezogene Daten gelten alle Informationen, anhand derer eine Person eindeutig identifizierbar ist. Es handelt sich somit um Daten, die zu einer Person zur\u00fcckverfolgt werden k\u00f6nnen.<\/p>\n<p>Zu diesen personenbezogenen Daten z\u00e4hlen der Vorname und der Name, die Telefonnummer sowie die E-Mail-Adresse. Ebenso als personenbezogene Daten gelten Informationen zu Hobbies, Mitgliedschaften und Vorlieben sowie Internetseiten, die aufgerufen wurden.<\/p>\n<p>Diese Daten werden vom Anbieter nur erhoben, genutzt und gegebenenfalls weitergegeben, sofern der Gesetzgeber dies ausdr\u00fccklich erlaubt oder aber der Nutzer in die Erhebung, Bearbeitung, Nutzung und Weitergabe der Daten einwilligt.<\/p>\n<p><strong>Weitergabe Ihrer Daten an Dritte<\/strong><\/p>\n<p>Wir \u00fcbermitteln Ihre personenbezogenen Daten nur dann an Dritte, wenn die \u00dcbermittlung erforderlich ist, um unsere vertraglichen Verpflichtungen Ihnen gegen\u00fcber zu erf\u00fcllen und wir zur Weitergabe gesetzlich berechtigt oder verpflichtet sind oder Sie uns eine entsprechende Einwilligung erteilt haben.<br \/>Meistens erfordert die Durchf\u00fchrung unserer Programme und Dienstleistungen die Weitergabe Ihrer Daten ins Ausland. Vielen unserer Programml\u00e4nder ist von der EU ein angemessenes Datenschutzniveau bescheinigt worden, es gibt aber auch Ausnahmen wie z.B die USA. Vor der Weitergabe von Daten ins Ausland informieren wir Sie ausf\u00fchrlich \u00fcber den Schutz Ihrer pers\u00f6nlichen Daten in den entsprechenden L\u00e4ndern und holen Ihre Zustimmung zur Weitergabe ein. Leider ist es in der Regel nicht m\u00f6glich, ohne diese Zustimmung am Programm teilnehmen zu k\u00f6nnen.<\/p>\n<p><strong>Kontakt- und Onlineformular<\/strong><\/p>\n<p>Wenn Sie uns \u00fcber Onlineformulare oder per E-Mail kontaktieren, speichern wir die von Ihnen gemachten Angaben, um Ihre Anfrage beantworten und m\u00f6gliche Anschlussfragen stellen zu k\u00f6nnen.<\/p>\n<p><strong>Einbindung von Diensten und Inhalten Dritter<\/strong><\/p>\n<p>Unser Angebot umfasst mitunter Inhalte, Dienste und Leistungen anderer Anbieter. Das sind zum Beispiel Karten, die von Google-Maps zur Verf\u00fcgung gestellt werden, Videos von YouTube sowie Grafiken und Bilder anderer Webseiten. Damit diese Daten im Browser des Nutzers aufgerufen und dargestellt werden k\u00f6nnen, ist die \u00dcbermittlung der IP-Adresse zwingend notwendig. Die Anbieter (im Folgenden als \u201eDritt-Anbieter\u201c bezeichnet) nehmen also die IP-Adresse des jeweiligen Nutzers wahr.<\/p>\n<p>Auch wenn wir bem\u00fcht sind, ausschlie\u00dflich Dritt-Anbieter zu nutzen, welche die IP-Adresse nur ben\u00f6tigen, um Inhalte ausliefern zu k\u00f6nnen, haben wir keinen Einfluss darauf, ob die IP-Adresse m\u00f6glicherweise gespeichert wird. Dieser Vorgang dient in dem Fall unter anderem statistischen Zwecken. Sofern wir Kenntnis davon haben, dass die IP-Adresse gespeichert wird, weisen wir unsere Nutzer darauf hin.<\/p>\n<p><strong>Cookies<\/strong><\/p>\n<p>Diese Webseite verwendet sogenannte Cookies. Das sind Textdateien, die vom Server aus auf Ihrem Rechner gespeichert werden. Sie enthalten Informationen zum Browser, zur IP-Adresse, dem Betriebssystem und zur Internetverbindung. Diese Daten werden von uns nicht an Dritte weitergegeben oder ohne ihre Zustimmung mit personenbezogenen Daten verkn\u00fcpft.<\/p>\n<p>Cookies erf\u00fcllen vor allem zwei Aufgaben. Sie helfen uns, Ihnen die Navigation durch unser Angebot zu erleichtern, und erm\u00f6glichen die korrekte Darstellung der Webseite. Sie werden nicht dazu genutzt, Viren einzuschleusen oder Programme zu starten.<\/p>\n<p>Nutzer haben die M\u00f6glichkeit, unser Angebot auch ohne Cookies aufzurufen. Dazu m\u00fcssen im Browser die entsprechenden Einstellungen ge\u00e4ndert werden. Informieren Sie sich bitte \u00fcber die Hilfsfunktion Ihres Browsers, wie Cookies deaktiviert werden.<\/p>\n<p><strong>Soziale Netzwerke &amp; Externe Links<\/strong><\/p>\n<p>Wir unterhalten neben dieser Webseite auch Pr\u00e4senzen in unterschiedlichen sozialen Medien, die Sie \u00fcber Schaltfl\u00e4chen (Like Button, etc.) auf unserer Webseite erreichen k\u00f6nnen. Soweit Sie eine solche Pr\u00e4senz besuchen, werden ggf. personenbezogene Daten an den Anbieter des sozialen Netzwerks \u00fcbermittelt. Es ist m\u00f6glich, dass neben der Speicherung der von Ihnen in diesem sozialen Medium konkret eingegebenen Daten auch weitere Informationen von dem Anbieter des sozialen Netzwerks verarbeitet werden.<\/p>\n<p>Au\u00dferdem verarbeitet der Anbieter des sozialen Netzwerks ggf. die wichtigsten Daten Ihres Computersystems, von dem aus Sie dieses besuchen \u2013 zum Beispiel Ihre IP-Adresse, den genutzten Prozessortyp und Browserversion samt Plug-Ins.<\/p>\n<p>Sofern Sie w\u00e4hrend des Besuchs einer solchen Webseite mit Ihrem pers\u00f6nlichen Benutzerkonto des jeweiligen Netzwerkes eingeloggt sind, kann dieses Netzwerk den Besuch diesem Konto zuordnen.<\/p>\n<p>Zweck und Umfang der Datenerhebung durch das jeweilige Medium sowie die dortige weitere Verarbeitung Ihrer Daten wie auch Ihre diesbez\u00fcglichen Rechte entnehmen Sie bitte den jeweiligen Bestimmungen des jeweiligen Verantwortlichen, z.B. unter:<\/p>\n<p><strong>Facebook:<\/strong> \u00a0\u00a0<a href=\"https:\/\/de-de.facebook.com\/about\/privacy\/\" target=\"_blank\" rel=\"noopener\">https:\/\/de-de.facebook.com\/about\/privacy\/<\/a><br \/><strong>Instagram:\u00a0<\/strong>\u00a0<a href=\"https:\/\/help.instagram.com\/155833707900388\" target=\"_blank\" rel=\"noopener\">https:\/\/help.instagram.com\/155833707900388<\/a><br \/><strong>Google: \u00a0<\/strong> \u00a0 \u00a0\u00a0<a href=\"https:\/\/policies.google.com\/privacy?hl=de\" target=\"_blank\" rel=\"noopener\">https:\/\/policies.google.com\/privacy?hl=de<\/a><\/p>\n<p>Wir weisen auch darauf hin, dass unsere Webseite weitere Verlinkungen auf externe fremde Webseiten enth\u00e4lt, wobei wir auf die Verarbeitung der Daten auf diesen fremden Webseiten keinen Einfluss haben.<\/p>\n<p><strong>Datensparsamkeit<\/strong><\/p>\n<p>Personenbezogene Daten speichern wir gem\u00e4\u00df den Grunds\u00e4tzen der Datenvermeidung und Datensparsamkeit nur so lange, wie es erforderlich ist oder vom Gesetzgeber her vorgeschrieben wird (gesetzliche Speicherfrist). Entf\u00e4llt der Zweck der erhobenen Informationen oder endet die Speicherfrist, sperren oder l\u00f6schen wir die Daten.<\/p>\n<p><strong>Ihre Rechte auf Auskunft, Berichtigung, Sperre, L\u00f6schung und Widerspruch<\/strong><\/p>\n<p>Sie haben das Recht, auf Antrag unentgeltlich eine Auskunft, \u00fcber die bei uns gespeicherten personenbezogenen Daten, anzufordern und\/oder eine Berichtigung, Sperrung oder L\u00f6schung zu verlangen. Ausnahmen: Es handelt sich um die vorgeschriebene Datenspeicherung zur Gesch\u00e4ftsabwicklung oder die Daten unterliegen der gesetzlichen Aufbewahrungspflicht.<\/p>\n<p>F\u00fcr diese Zwecke kontaktieren Sie bitte unseren f\u00fcr den Datneschutz beauftragten\u00a0mitarbeiter info@ieduex.com<\/p>\n<p>Um eine Datensperre jederzeit ber\u00fccksichtigen zu k\u00f6nnen, ist es erforderlich, die Daten f\u00fcr Kontrollzwecke in einer Sperrdatei vorzuhalten. Besteht keine gesetzliche Archivierungspflicht, k\u00f6nnen Sie auch die L\u00f6schung der Daten verlangen. Anderenfalls sperren wir die Daten, sofern Sie dies w\u00fcnschen.<\/p>\n<p><strong>\u00c4nderung unserer Datenschutzerkl\u00e4rung<\/strong><\/p>\n<p>Um zu gew\u00e4hrleisten, dass unsere Datenschutzerkl\u00e4rung stets den aktuellen gesetzlichen Vorgaben entspricht, behalten wir uns jederzeit \u00c4nderungen vor. Das gilt auch f\u00fcr den Fall, dass die Datenschutzerkl\u00e4rung aufgrund neuer oder \u00fcberarbeiteter Leistungen, zum Beispiel neuer Serviceleistungen, angepasst werden muss. Die neue Datenschutzerkl\u00e4rung greift dann bei Ihrem n\u00e4chsten Besuch auf unserem Angebot.<\/p>\n<p><em>Stand: August 2024<\/em><\/p>\n<p><\/p>\t\t\t\t\t\t\t\t<\/div>\n\t\t\t\t<\/div>\n\t\t\t\t\t<\/div>\n\t\t<\/div>\n\t\t\t\t\t<\/div>\n\t\t<\/section>\n\t\t\t\t<\/div>\n\t\t","protected":false},"excerpt":{"rendered":"<p>\u00a0 Datenschutzerkl\u00e4rung Anbieter und verantwortliche Stelle im Sinne des DatenschutzgesetzesiEduex | International Education ExchangeKurf\u00fcrstendamm 194Berlin, Berlin 10707Fon: +49 015 226 661 038 www.ieduex.com\/de Geltungsbereich Nutzer erhalten mit dieser Datenschutzerkl\u00e4rung Information \u00fcber die Art, den Umfang und Zweck der Erhebung und Verwendung ihrer Daten durch den verantwortlichen Anbieter erhoben und verwendet werden. Den rechtlichen Rahmen f\u00fcr&#8230;<\/p>\n","protected":false},"author":1,"featured_media":0,"parent":0,"menu_order":0,"comment_status":"closed","ping_status":"closed","template":"elementor_theme","meta":{"_monsterinsights_skip_tracking":false,"_monsterinsights_sitenote_active":false,"_monsterinsights_sitenote_note":"","_monsterinsights_sitenote_category":0,"footnotes":""},"class_list":["post-17103","page","type-page","status-publish","hentry"],"_links":{"self":[{"href":"https:\/\/ieduex.com\/de\/wp-json\/wp\/v2\/pages\/17103","targetHints":{"allow":["GET"]}}],"collection":[{"href":"https:\/\/ieduex.com\/de\/wp-json\/wp\/v2\/pages"}],"about":[{"href":"https:\/\/ieduex.com\/de\/wp-json\/wp\/v2\/types\/page"}],"author":[{"embeddable":true,"href":"https:\/\/ieduex.com\/de\/wp-json\/wp\/v2\/users\/1"}],"replies":[{"embeddable":true,"href":"https:\/\/ieduex.com\/de\/wp-json\/wp\/v2\/comments?post=17103"}],"version-history":[{"count":0,"href":"https:\/\/ieduex.com\/de\/wp-json\/wp\/v2\/pages\/17103\/revisions"}],"wp:attachment":[{"href":"https:\/\/ieduex.com\/de\/wp-json\/wp\/v2\/media?parent=17103"}],"curies":[{"name":"wp","href":"https:\/\/api.w.org\/{rel}","templated":true}]}}